{"id":221962,"date":"2025-10-23T22:21:50","date_gmt":"2025-10-23T22:21:50","guid":{"rendered":"https:\/\/bodegasfincal.es\/?page_id=221962"},"modified":"2025-11-27T10:39:21","modified_gmt":"2025-11-27T10:39:21","slug":"wine-distribution","status":"publish","type":"page","link":"https:\/\/bodegasfincal.es\/en\/servicios\/distribucion-vinos\/","title":{"rendered":"Distribution"},"content":{"rendered":"<div class=\"et_pb_section_0 et_pb_section et_section_regular et_flex_section preset--group--divi-section--divi-layout--default preset--module--divi-section--default\"><span class=\"et-pb-parallax-wrapper\"><span class=\"et-pb-parallax-background et-pb-parallax-background--css et-pb-parallax-background-module--divi-section-0\" style=\"\"><\/span><\/span>\n<div class=\"et_pb_row_0 et_pb_row et_flex_row preset--group--divi-row--divi-layout--default preset--module--divi-row--default\">\n<div class=\"et_pb_column_0 et_pb_column et-last-child et_flex_column et_pb_css_mix_blend_mode_passthrough et_flex_column_3_5 et_flex_column_24_24_tablet et_flex_column_24_24_phone preset--module--divi-column--default\">\n<div class=\"et_pb_heading_0 et_pb_heading et_pb_module et_block_module preset--group--divi-heading--divi-font--default preset--module--divi-heading--default\"><div class=\"et_pb_heading_container\"><h1 class=\"et_pb_module_header\">Services<\/h1><\/div><\/div>\n<\/div>\n<\/div>\n\n<div class=\"et_pb_row_1 et_pb_row et_flex_row preset--group--divi-row--divi-layout--default preset--module--divi-row--default\">\n<div class=\"et_pb_column_1 et_pb_column et_flex_column et_pb_css_mix_blend_mode_passthrough et_flex_column_3_5 et_flex_column_24_24_tablet et_flex_column_24_24_phone preset--module--divi-column--default\">\n<div class=\"et_pb_divider_0 et_pb_divider et_pb_space et_pb_divider_position_top et_pb_module\"><div class=\"et_pb_divider_internal\"><\/div><\/div>\n\n<div class=\"et_pb_text_0 et_pb_text et_pb_bg_layout_light et_pb_module et_block_module preset--group--divi-text--divi-font-header--default preset--group--divi-text--divi-font-body--default preset--module--divi-text--default\"><div class=\"et_pb_text_inner\"><h3>Distribution<\/h3>\n<h2>Solutions that fit your business<\/h2>\n<p>We know that every restaurant, bar or hotel has unique needs. At <strong>Fincal Winery<\/strong> we offer a drinks and food distribution service in the province of Alicante based on trust, agility and a carefully selected catalogue.<\/p>\n<p>We don't just deliver orders. We become an extension of your team. We offer you professional advice to help you design your wine list, select products that suit your gastronomic concept and optimise your wine cellar.<\/p>\n<\/div><\/div>\n<\/div>\n\n<div class=\"et_pb_column_2 et_pb_column et-last-child et_flex_column et_pb_css_mix_blend_mode_passthrough et_flex_column_18_24 et_flex_column_24_24_tablet et_flex_column_24_24_phone preset--module--divi-column--default\">\n<div class=\"et_pb_image_0 et_pb_image et-interaction-target-rcjowxn29m et_pb_module et_block_module\" data-interaction-trigger=\"ujce3i9ydu\" data-interaction-target=\"rcjowxn29m\"><span class=\"et_pb_image_wrap\"><img decoding=\"async\" src=\"https:\/\/bodegasfincal.es\/wp-content\/uploads\/interior-bodegas-fincal.webp\" width=\"2560\" height=\"1440\" srcset=\"https:\/\/bodegasfincal.es\/wp-content\/uploads\/interior-bodegas-fincal.webp 2560w, https:\/\/bodegasfincal.es\/wp-content\/uploads\/interior-bodegas-fincal-1280x720.webp 1280w, https:\/\/bodegasfincal.es\/wp-content\/uploads\/interior-bodegas-fincal-980x551.webp 980w, https:\/\/bodegasfincal.es\/wp-content\/uploads\/interior-bodegas-fincal-480x270.webp 480w\" sizes=\"(min-width: 0px) and (max-width: 480px) 480px, (min-width: 481px) and (max-width: 980px) 980px, (min-width: 981px) and (max-width: 1280px) 1280px, (min-width: 1281px) 2560px, 100vw\" class=\"wp-image-221469\" \/><\/span><\/div>\n<\/div>\n<\/div>\n<\/div>\n\n<div class=\"et_pb_section_1 et_pb_section et_section_regular et_flex_section preset--group--divi-section--divi-layout--default preset--module--divi-section--default\"><span class=\"et-pb-parallax-wrapper\"><span class=\"et-pb-parallax-background et-pb-parallax-background--css et-pb-parallax-background-module--divi-section-1\" style=\"\"><\/span><\/span>\n<div class=\"et_pb_row_2 et_pb_row et_flex_row preset--group--divi-row--divi-layout--default preset--module--divi-row--default\">\n<div class=\"et_pb_column_3 et_pb_column et-last-child et_flex_column et_pb_css_mix_blend_mode_passthrough et_flex_column_24_24 et_flex_column_24_24_tablet et_flex_column_24_24_phone preset--module--divi-column--default\">\n<div class=\"et_pb_divider_1 et_pb_divider et_pb_space et_pb_divider_position_top et_pb_module\"><div class=\"et_pb_divider_internal\"><\/div><\/div>\n\n<div class=\"et_pb_heading_1 et_pb_heading et_pb_module et_block_module preset--group--divi-heading--divi-font--default preset--module--divi-heading--default\"><div class=\"et_pb_heading_container\"><h2 class=\"et_pb_module_header\">Our Distribution Services<\/h2><\/div><\/div>\n\n<div class=\"et_pb_group_0 et_pb_group et_pb_module et_grid_group et_pb_css_mix_blend_mode_passthrough\">\n<div class=\"et_pb_blurb_0 et_pb_blurb et_pb_bg_layout_light et_pb_text_align_center et_pb_blurb_position_top et_pb_module et_block_module preset--group--divi-blurb--divi-font--default preset--group--divi-blurb--divi-font-body--default\"><div class=\"et_pb_blurb_content\"><div class=\"et_pb_main_blurb_image\"><span class=\"et_pb_image_wrap\"><span class=\"et-pb-icon et-waypoint et_pb_animation_top et_pb_animation_top_tablet et_pb_animation_top_phone\">\uf72f<\/span><\/span><\/div><div class=\"et_pb_blurb_container\"><h3 class=\"et_pb_module_header\">Select Catalogue<\/h3><div class=\"et_pb_blurb_description\"><p>We have a wide range of wines (D.O. Alicante, national and international), our Creu de Pedra vermouths, premium distillates and gourmet food products.<\/p>\n<\/div><\/div><\/div><\/div>\n\n<div class=\"et_pb_blurb_1 et_pb_blurb et_pb_bg_layout_light et_pb_text_align_center et_pb_blurb_position_top et_pb_module et_block_module preset--group--divi-blurb--divi-font--default preset--group--divi-blurb--divi-font-body--default\"><div class=\"et_pb_blurb_content\"><div class=\"et_pb_main_blurb_image\"><span class=\"et_pb_image_wrap\"><span class=\"et-pb-icon et-waypoint et_pb_animation_top et_pb_animation_top_tablet et_pb_animation_top_phone\">\uf4de<\/span><\/span><\/div><div class=\"et_pb_blurb_container\"><h3 class=\"et_pb_module_header\"> Efficient Logistics<\/h3><div class=\"et_pb_blurb_description\"><p>We guarantee a punctual and reliable delivery service, adapting to your schedule and ensuring that the product arrives in perfect condition.<\/p>\n<\/div><\/div><\/div><\/div>\n\n<div class=\"et_pb_blurb_2 et_pb_blurb et_pb_bg_layout_light et_pb_text_align_center et_pb_blurb_position_top et_pb_module et_block_module preset--group--divi-blurb--divi-font--default preset--group--divi-blurb--divi-font-body--default\"><div class=\"et_pb_blurb_content\"><div class=\"et_pb_main_blurb_image\"><span class=\"et_pb_image_wrap\"><span class=\"et-pb-icon et-waypoint et_pb_animation_top et_pb_animation_top_tablet et_pb_animation_top_phone\">\ue068<\/span><\/span><\/div><div class=\"et_pb_blurb_container\"><h3 class=\"et_pb_module_header\">Personalised Attention<\/h3><div class=\"et_pb_blurb_description\"><p>Direct, close and decisive treatment. We understand the urgencies of the hospitality industry and we respond quickly.<\/p>\n<\/div><\/div><\/div><\/div>\n\n<div class=\"et_pb_blurb_3 et_pb_blurb et_pb_bg_layout_light et_pb_text_align_center et_pb_blurb_position_top et_pb_module et_block_module preset--group--divi-blurb--divi-font--default preset--group--divi-blurb--divi-font-body--default\"><div class=\"et_pb_blurb_content\"><div class=\"et_pb_main_blurb_image\"><span class=\"et_pb_image_wrap\"><span class=\"et-pb-icon et-waypoint et_pb_animation_top et_pb_animation_top_tablet et_pb_animation_top_phone\">\uf14a<\/span><\/span><\/div><div class=\"et_pb_blurb_container\"><h3 class=\"et_pb_module_header\">Tailor-made solutions<\/h3><div class=\"et_pb_blurb_description\"><p>We serve restaurants, bars, hotels, specialised shops, catering companies and events.<\/p>\n<\/div><\/div><\/div><\/div>\n<\/div>\n\n<div class=\"et_pb_divider_2 et_pb_divider et_pb_space et_pb_divider_position_top et_pb_module\"><div class=\"et_pb_divider_internal\"><\/div><\/div>\n\n<div class=\"et_pb_text_1 et_pb_text et_pb_bg_layout_light et_pb_module et_block_module preset--group--divi-text--divi-font-header--default preset--group--divi-text--divi-font-body--default preset--module--divi-text--default\"><div class=\"et_pb_text_inner\"><p>We don't just deliver orders. We become an extension of your team. We offer you professional advice to help you design your wine list, select products that suit your gastronomic concept and optimise your wine cellar.<\/p>\n<\/div><\/div>\n<\/div>\n<\/div>\n<\/div>\n\n<div class=\"et_pb_section_2 et_pb_section et_section_regular et_flex_section preset--group--divi-section--divi-layout--default preset--module--divi-section--default\">\n<div class=\"et_pb_row_3 et_pb_row et_flex_row preset--group--divi-row--divi-layout--default preset--module--divi-row--default\">\n<div class=\"et_pb_column_4 et_pb_column et-last-child et_flex_column et_pb_css_mix_blend_mode_passthrough et_flex_column_24_24 preset--module--divi-column--default\">\n<div class=\"et_pb_divider_3 et_pb_divider et_pb_space et_pb_divider_position_top et_pb_module\"><div class=\"et_pb_divider_internal\"><\/div><\/div>\n\n<div class=\"et_pb_heading_2 et_pb_heading et_pb_module et_block_module preset--group--divi-heading--divi-font--default preset--module--divi-heading--default\"><div class=\"et_pb_heading_container\"><h2 class=\"et_pb_module_header\">Request our professional catalogue<\/h2><\/div><\/div>\n\n<div class=\"et_pb_text_2 et_pb_text et_pb_bg_layout_light et_pb_module et_block_module preset--group--divi-text--divi-font-header--default preset--group--divi-text--divi-font-body--default preset--module--divi-text--default\"><div class=\"et_pb_text_inner\" data-et-mv-hidden-tablet=\"true\"><p>Contact our sales team to find out about all our references and receive a personalised proposal for your business.<\/p>\n<\/div><\/div>\n\n<div class=\"et_pb_module et_pb_button_module_wrapper et_pb_button_0_wrapper preset--group--divi-button--divi-font--default_wrapper preset--group--divi-button--divi-button--3kh6ndgnce_wrapper preset--module--divi-button--default_wrapper\"><a class=\"et_pb_button_0 et_pb_button et_pb_bg_layout_light et_pb_module et_block_module preset--group--divi-button--divi-font--default preset--group--divi-button--divi-button--3kh6ndgnce preset--module--divi-button--default\" href=\"\/en\/contact\/\">Request a commercial visit<\/a><\/div>\n\n<div class=\"et_pb_icon_0 et_pb_icon et_pb_module et_block_module\"><span class=\"et_pb_icon_wrap\"><span class=\"et-pb-icon\">3<\/span><\/span><\/div>\n<\/div>\n<\/div>\n<\/div>\n\n<div class=\"et_pb_section_3 et_pb_section et_section_regular et_flex_section preset--group--divi-section--divi-layout--default preset--module--divi-section--default\"><div class=\"et_pb_row_4 et_pb_row et_flex_row preset--group--divi-row--divi-layout--default preset--module--divi-row--default\"><div class=\"et_pb_column_5 et_pb_column et_flex_column et_pb_css_mix_blend_mode_passthrough et_flex_column_8_24 et_flex_column_8_24_tablet et_flex_column_24_24_phone preset--module--divi-column--default\"><div class=\"et_pb_lottie_0 et_pb_lottie et_pb_module et_flex_module\"><div class=\"et_pb_lottie_animation\" data-lottie-src=\"https:\/\/bodegasfincal.es\/wp-content\/uploads\/wine_grapes.json\" data-lottie-trigger=\"onView\" data-lottie-loop=\"true\" data-lottie-speed=\"0.8\" data-lottie-direction=\"forward\" data-lottie-mode=\"normal\"><\/div><\/div><\/div><div class=\"et_pb_column_6 et_pb_column et-last-child et_flex_column et_pb_css_mix_blend_mode_passthrough et_flex_column_16_24 et_flex_column_16_24_tablet et_flex_column_24_24_phone preset--module--divi-column--default\"><div class=\"et_pb_heading_3 et_pb_heading et_pb_module et_block_module preset--group--divi-heading--divi-font--default preset--module--divi-heading--default\"><div class=\"et_pb_heading_container\"><h3 class=\"et_pb_module_header\">Shall we talk?<\/h3><\/div><\/div><div class=\"et_pb_text_3 et_pb_text et_pb_bg_layout_light et_pb_module et_block_module preset--group--divi-text--divi-font-header--default preset--group--divi-text--divi-font-body--default preset--module--divi-text--default\"><div class=\"et_pb_text_inner\"><p>If you are looking for a reliable distributor or a partner to bring Spanish wine to the world, our team is ready to help you.<\/p>\n<\/div><\/div><div class=\"et_pb_module et_pb_button_module_wrapper et_pb_button_1_wrapper preset--group--divi-button--divi-button--default_wrapper preset--group--divi-button--divi-font--default_wrapper preset--module--divi-button--default_wrapper\"><a class=\"et_pb_button_1 et_pb_button et_pb_bg_layout_light et_pb_module et_block_module preset--group--divi-button--divi-button--default preset--group--divi-button--divi-font--default preset--module--divi-button--default\" href=\"\/en\/contact\/\" data-icon=\"$\">Contact with us<\/a><\/div><\/div><\/div><\/div>","protected":false},"excerpt":{"rendered":"","protected":false},"author":1,"featured_media":0,"parent":221955,"menu_order":0,"comment_status":"closed","ping_status":"closed","template":"","meta":{"footnotes":""},"class_list":["post-221962","page","type-page","status-publish","hentry"],"yoast_head":"<!-- This site is optimized with the Yoast SEO plugin v27.1.1 - https:\/\/yoast.com\/product\/yoast-seo-wordpress\/ -->\n<title>Distribuci\u00f3n de Vinos para Hosteler\u00eda y Tiendas | Bodegas Fincal<\/title>\n<meta name=\"description\" content=\"\u00bfBuscas un distribuidor de confianza? Llevamos las mejores referencias a tu restaurante o negocio. Log\u00edstica r\u00e1pida y cat\u00e1logo premium.\" \/>\n<meta name=\"robots\" content=\"index, follow, max-snippet:-1, max-image-preview:large, max-video-preview:-1\" \/>\n<link rel=\"canonical\" href=\"https:\/\/bodegasfincal.es\/en\/services\/wine-distribution\/\" \/>\n<meta property=\"og:locale\" content=\"en_GB\" \/>\n<meta property=\"og:type\" content=\"article\" \/>\n<meta property=\"og:title\" content=\"Distribuci\u00f3n de Vinos para Hosteler\u00eda y Tiendas | Bodegas Fincal\" \/>\n<meta property=\"og:description\" content=\"\u00bfBuscas un distribuidor de confianza? Llevamos las mejores referencias a tu restaurante o negocio. Log\u00edstica r\u00e1pida y cat\u00e1logo premium.\" \/>\n<meta property=\"og:url\" content=\"https:\/\/bodegasfincal.es\/en\/services\/wine-distribution\/\" \/>\n<meta property=\"og:site_name\" content=\"Bodegas Fincal\" \/>\n<meta property=\"article:publisher\" content=\"https:\/\/www.facebook.com\/p\/Bodegas-Fincal-SL-100054207383671\/?locale=es_ES\" \/>\n<meta property=\"article:modified_time\" content=\"2025-11-27T10:39:21+00:00\" \/>\n<meta property=\"og:image\" content=\"https:\/\/bodegasfincal.es\/wp-content\/uploads\/interior-bodegas-fincal.webp\" \/>\n\t<meta property=\"og:image:width\" content=\"2560\" \/>\n\t<meta property=\"og:image:height\" content=\"1440\" \/>\n\t<meta property=\"og:image:type\" content=\"image\/webp\" \/>\n<meta name=\"twitter:card\" content=\"summary_large_image\" \/>\n<script type=\"application\/ld+json\" class=\"yoast-schema-graph\">{\"@context\":\"https:\/\/schema.org\",\"@graph\":[{\"@type\":\"WebPage\",\"@id\":\"https:\/\/bodegasfincal.es\/servicios\/distribucion-vinos\/\",\"url\":\"https:\/\/bodegasfincal.es\/servicios\/distribucion-vinos\/\",\"name\":\"Distribuci\u00f3n de Vinos para Hosteler\u00eda y Tiendas | Bodegas Fincal\",\"isPartOf\":{\"@id\":\"https:\/\/bodegasfincal.es\/#website\"},\"datePublished\":\"2025-10-23T22:21:50+00:00\",\"dateModified\":\"2025-11-27T10:39:21+00:00\",\"description\":\"\u00bfBuscas un distribuidor de confianza? Llevamos las mejores referencias a tu restaurante o negocio. Log\u00edstica r\u00e1pida y cat\u00e1logo premium.\",\"breadcrumb\":{\"@id\":\"https:\/\/bodegasfincal.es\/servicios\/distribucion-vinos\/#breadcrumb\"},\"inLanguage\":\"en-GB\",\"potentialAction\":[{\"@type\":\"ReadAction\",\"target\":[\"https:\/\/bodegasfincal.es\/servicios\/distribucion-vinos\/\"]}]},{\"@type\":\"BreadcrumbList\",\"@id\":\"https:\/\/bodegasfincal.es\/servicios\/distribucion-vinos\/#breadcrumb\",\"itemListElement\":[{\"@type\":\"ListItem\",\"position\":1,\"name\":\"Portada\",\"item\":\"https:\/\/bodegasfincal.es\/\"},{\"@type\":\"ListItem\",\"position\":2,\"name\":\"Servicios\",\"item\":\"https:\/\/bodegasfincal.es\/servicios\/\"},{\"@type\":\"ListItem\",\"position\":3,\"name\":\"Distribuci\u00f3n\"}]},{\"@type\":\"WebSite\",\"@id\":\"https:\/\/bodegasfincal.es\/#website\",\"url\":\"https:\/\/bodegasfincal.es\/\",\"name\":\"Bodegas Fincal\",\"description\":\"Pasi\u00f3n por el vino\",\"publisher\":{\"@id\":\"https:\/\/bodegasfincal.es\/#organization\"},\"potentialAction\":[{\"@type\":\"SearchAction\",\"target\":{\"@type\":\"EntryPoint\",\"urlTemplate\":\"https:\/\/bodegasfincal.es\/?s={search_term_string}\"},\"query-input\":{\"@type\":\"PropertyValueSpecification\",\"valueRequired\":true,\"valueName\":\"search_term_string\"}}],\"inLanguage\":\"en-GB\"},{\"@type\":\"Organization\",\"@id\":\"https:\/\/bodegasfincal.es\/#organization\",\"name\":\"Bodegas Fincal\",\"url\":\"https:\/\/bodegasfincal.es\/\",\"logo\":{\"@type\":\"ImageObject\",\"inLanguage\":\"en-GB\",\"@id\":\"https:\/\/bodegasfincal.es\/#\/schema\/logo\/image\/\",\"url\":\"https:\/\/bodegasfincal.es\/wp-content\/uploads\/bodegas_fincal_logo.png\",\"contentUrl\":\"https:\/\/bodegasfincal.es\/wp-content\/uploads\/bodegas_fincal_logo.png\",\"width\":251,\"height\":255,\"caption\":\"Bodegas Fincal\"},\"image\":{\"@id\":\"https:\/\/bodegasfincal.es\/#\/schema\/logo\/image\/\"},\"sameAs\":[\"https:\/\/www.facebook.com\/p\/Bodegas-Fincal-SL-100054207383671\/?locale=es_ES\",\"https:\/\/www.instagram.com\/p\/DQJfjYDjPlk\/\"]}]}<\/script>\n<!-- \/ Yoast SEO plugin. -->","yoast_head_json":{"title":"Distribution of Wines for Catering and Shops | Bodegas Fincal","description":"Looking for a reliable distributor? We bring the best references to your restaurant or business. Fast logistics and premium catalogue.","robots":{"index":"index","follow":"follow","max-snippet":"max-snippet:-1","max-image-preview":"max-image-preview:large","max-video-preview":"max-video-preview:-1"},"canonical":"https:\/\/bodegasfincal.es\/en\/services\/wine-distribution\/","og_locale":"en_GB","og_type":"article","og_title":"Distribuci\u00f3n de Vinos para Hosteler\u00eda y Tiendas | Bodegas Fincal","og_description":"\u00bfBuscas un distribuidor de confianza? Llevamos las mejores referencias a tu restaurante o negocio. Log\u00edstica r\u00e1pida y cat\u00e1logo premium.","og_url":"https:\/\/bodegasfincal.es\/en\/services\/wine-distribution\/","og_site_name":"Bodegas Fincal","article_publisher":"https:\/\/www.facebook.com\/p\/Bodegas-Fincal-SL-100054207383671\/?locale=es_ES","article_modified_time":"2025-11-27T10:39:21+00:00","og_image":[{"width":2560,"height":1440,"url":"https:\/\/bodegasfincal.es\/wp-content\/uploads\/interior-bodegas-fincal.webp","type":"image\/webp"}],"twitter_card":"summary_large_image","schema":{"@context":"https:\/\/schema.org","@graph":[{"@type":"WebPage","@id":"https:\/\/bodegasfincal.es\/servicios\/distribucion-vinos\/","url":"https:\/\/bodegasfincal.es\/servicios\/distribucion-vinos\/","name":"Distribution of Wines for Catering and Shops | Bodegas Fincal","isPartOf":{"@id":"https:\/\/bodegasfincal.es\/#website"},"datePublished":"2025-10-23T22:21:50+00:00","dateModified":"2025-11-27T10:39:21+00:00","description":"Looking for a reliable distributor? We bring the best references to your restaurant or business. Fast logistics and premium catalogue.","breadcrumb":{"@id":"https:\/\/bodegasfincal.es\/servicios\/distribucion-vinos\/#breadcrumb"},"inLanguage":"en-GB","potentialAction":[{"@type":"ReadAction","target":["https:\/\/bodegasfincal.es\/servicios\/distribucion-vinos\/"]}]},{"@type":"BreadcrumbList","@id":"https:\/\/bodegasfincal.es\/servicios\/distribucion-vinos\/#breadcrumb","itemListElement":[{"@type":"ListItem","position":1,"name":"Portada","item":"https:\/\/bodegasfincal.es\/"},{"@type":"ListItem","position":2,"name":"Servicios","item":"https:\/\/bodegasfincal.es\/servicios\/"},{"@type":"ListItem","position":3,"name":"Distribuci\u00f3n"}]},{"@type":"WebSite","@id":"https:\/\/bodegasfincal.es\/#website","url":"https:\/\/bodegasfincal.es\/","name":"Fincal Winery","description":"Passion for wine","publisher":{"@id":"https:\/\/bodegasfincal.es\/#organization"},"potentialAction":[{"@type":"SearchAction","target":{"@type":"EntryPoint","urlTemplate":"https:\/\/bodegasfincal.es\/?s={search_term_string}"},"query-input":{"@type":"PropertyValueSpecification","valueRequired":true,"valueName":"search_term_string"}}],"inLanguage":"en-GB"},{"@type":"Organization","@id":"https:\/\/bodegasfincal.es\/#organization","name":"Fincal Winery","url":"https:\/\/bodegasfincal.es\/","logo":{"@type":"ImageObject","inLanguage":"en-GB","@id":"https:\/\/bodegasfincal.es\/#\/schema\/logo\/image\/","url":"https:\/\/bodegasfincal.es\/wp-content\/uploads\/bodegas_fincal_logo.png","contentUrl":"https:\/\/bodegasfincal.es\/wp-content\/uploads\/bodegas_fincal_logo.png","width":251,"height":255,"caption":"Bodegas Fincal"},"image":{"@id":"https:\/\/bodegasfincal.es\/#\/schema\/logo\/image\/"},"sameAs":["https:\/\/www.facebook.com\/p\/Bodegas-Fincal-SL-100054207383671\/?locale=es_ES","https:\/\/www.instagram.com\/p\/DQJfjYDjPlk\/"]}]}},"_links":{"self":[{"href":"https:\/\/bodegasfincal.es\/en\/wp-json\/wp\/v2\/pages\/221962","targetHints":{"allow":["GET"]}}],"collection":[{"href":"https:\/\/bodegasfincal.es\/en\/wp-json\/wp\/v2\/pages"}],"about":[{"href":"https:\/\/bodegasfincal.es\/en\/wp-json\/wp\/v2\/types\/page"}],"author":[{"embeddable":true,"href":"https:\/\/bodegasfincal.es\/en\/wp-json\/wp\/v2\/users\/1"}],"replies":[{"embeddable":true,"href":"https:\/\/bodegasfincal.es\/en\/wp-json\/wp\/v2\/comments?post=221962"}],"version-history":[{"count":3,"href":"https:\/\/bodegasfincal.es\/en\/wp-json\/wp\/v2\/pages\/221962\/revisions"}],"predecessor-version":[{"id":222848,"href":"https:\/\/bodegasfincal.es\/en\/wp-json\/wp\/v2\/pages\/221962\/revisions\/222848"}],"up":[{"embeddable":true,"href":"https:\/\/bodegasfincal.es\/en\/wp-json\/wp\/v2\/pages\/221955"}],"wp:attachment":[{"href":"https:\/\/bodegasfincal.es\/en\/wp-json\/wp\/v2\/media?parent=221962"}],"curies":[{"name":"wp","href":"https:\/\/api.w.org\/{rel}","templated":true}]}}